{"id":10119,"date":"2023-03-13T18:06:54","date_gmt":"2023-03-13T16:06:54","guid":{"rendered":"https:\/\/www.creativitycertification.com\/juan-prego\/"},"modified":"2024-04-02T20:22:04","modified_gmt":"2024-04-02T18:22:04","slug":"juan-prego","status":"publish","type":"page","link":"https:\/\/www.creativitycertification.com\/de\/juan-prego\/","title":{"rendered":"Juan Prego"},"content":{"rendered":"\t\t<div data-elementor-type=\"wp-page\" data-elementor-id=\"10119\" class=\"elementor elementor-10119 elementor-5646\" data-elementor-post-type=\"page\">\n\t\t\t\t\t\t<section class=\"elementor-section elementor-top-section elementor-element elementor-element-62eda2d elementor-section-boxed elementor-section-height-default elementor-section-height-default\" data-id=\"62eda2d\" data-element_type=\"section\" data-e-type=\"section\">\n\t\t\t\t\t\t<div class=\"elementor-container elementor-column-gap-default\">\n\t\t\t\t\t<div class=\"elementor-column elementor-col-33 elementor-top-column elementor-element elementor-element-c175806\" data-id=\"c175806\" data-element_type=\"column\" data-e-type=\"column\" data-settings=\"{&quot;background_background&quot;:&quot;classic&quot;}\">\n\t\t\t<div class=\"elementor-widget-wrap elementor-element-populated\">\n\t\t\t\t\t\t<div class=\"elementor-element elementor-element-c39a092 elementor-widget__width-inherit elementor-widget elementor-widget-image\" data-id=\"c39a092\" data-element_type=\"widget\" data-e-type=\"widget\" data-widget_type=\"image.default\">\n\t\t\t\t<div class=\"elementor-widget-container\">\n\t\t\t\t\t\t\t\t\t\t\t\t\t\t\t<img fetchpriority=\"high\" decoding=\"async\" width=\"473\" height=\"400\" src=\"https:\/\/www.creativitycertification.com\/wp-content\/uploads\/2023\/03\/juan-prego.png\" class=\"attachment-large size-large wp-image-5889\" alt=\"Juan Prego\" srcset=\"https:\/\/www.creativitycertification.com\/wp-content\/uploads\/2023\/03\/juan-prego.png 473w, https:\/\/www.creativitycertification.com\/wp-content\/uploads\/2023\/03\/juan-prego-300x254.png 300w\" sizes=\"(max-width: 473px) 100vw, 473px\" \/>\t\t\t\t\t\t\t\t\t\t\t\t\t\t\t<\/div>\n\t\t\t\t<\/div>\n\t\t\t\t<div class=\"elementor-element elementor-element-d4d6e2a elementor-widget elementor-widget-heading\" data-id=\"d4d6e2a\" data-element_type=\"widget\" data-e-type=\"widget\" data-widget_type=\"heading.default\">\n\t\t\t\t<div class=\"elementor-widget-container\">\n\t\t\t\t\t<h3 class=\"elementor-heading-title elementor-size-default\">Juan Prego<\/h3>\t\t\t\t<\/div>\n\t\t\t\t<\/div>\n\t\t\t\t<div class=\"elementor-element elementor-element-c44237f elementor-widget elementor-widget-eael-creative-button\" data-id=\"c44237f\" data-element_type=\"widget\" data-e-type=\"widget\" data-widget_type=\"eael-creative-button.default\">\n\t\t\t\t<div class=\"elementor-widget-container\">\n\t\t\t\t\t        <div class=\"eael-creative-button-wrapper\">\n\n            <a class=\"eael-creative-button eael-creative-button--default eael-cb-icon-position-left\" href=\"mailto:info@creativitycertification.com\" data-text=\"\">\n            \t    \n                <div class=\"creative-button-inner\">\n\n                                            <span class=\"eael-creative-button-icon-left\"><i aria-hidden=\"true\" class=\"far fa-envelope\"><\/i><\/span>                    \n                    <span class=\"cretive-button-text\">info@creativitycertification.com<\/span>\n\n                                    <\/div>\n\t                        <\/a>\n        <\/div>\n        \t\t\t\t<\/div>\n\t\t\t\t<\/div>\n\t\t\t\t<div class=\"elementor-element elementor-element-65406a6 elementor-widget elementor-widget-eael-creative-button\" data-id=\"65406a6\" data-element_type=\"widget\" data-e-type=\"widget\" data-widget_type=\"eael-creative-button.default\">\n\t\t\t\t<div class=\"elementor-widget-container\">\n\t\t\t\t\t        <div class=\"eael-creative-button-wrapper\">\n\n            <a class=\"eael-creative-button eael-creative-button--default eael-cb-icon-position-left\" href=\"http:\/\/www.juanprego.com\/\" target=\"_blank\" data-text=\"\">\n            \t    \n                <div class=\"creative-button-inner\">\n\n                                            <span class=\"eael-creative-button-icon-left\"><i aria-hidden=\"true\" class=\"fas fa-link\"><\/i><\/span>                    \n                    <span class=\"cretive-button-text\">http:\/\/www.juanprego.com\/<\/span>\n\n                                    <\/div>\n\t                        <\/a>\n        <\/div>\n        \t\t\t\t<\/div>\n\t\t\t\t<\/div>\n\t\t\t\t<div class=\"elementor-element elementor-element-c3532d2 elementor-widget elementor-widget-eael-creative-button\" data-id=\"c3532d2\" data-element_type=\"widget\" data-e-type=\"widget\" data-widget_type=\"eael-creative-button.default\">\n\t\t\t\t<div class=\"elementor-widget-container\">\n\t\t\t\t\t        <div class=\"eael-creative-button-wrapper\">\n\n            <a class=\"eael-creative-button eael-creative-button--default eael-cb-icon-position-\" target=\"\" data-text=\"\">\n            \t    \n                <div class=\"creative-button-inner\">\n\n                    \n                    <span class=\"cretive-button-text\">@JuanPrego<\/span>\n\n                                    <\/div>\n\t                        <\/a>\n        <\/div>\n        \t\t\t\t<\/div>\n\t\t\t\t<\/div>\n\t\t\t\t<div class=\"elementor-element elementor-element-6b7ffad elementor-align-justify elementor-widget elementor-widget-button\" data-id=\"6b7ffad\" data-element_type=\"widget\" data-e-type=\"widget\" data-widget_type=\"button.default\">\n\t\t\t\t<div class=\"elementor-widget-container\">\n\t\t\t\t\t\t\t\t\t<div class=\"elementor-button-wrapper\">\n\t\t\t\t\t<a class=\"elementor-button elementor-button-link elementor-size-sm\" href=\"https:\/\/www.creativitycertification.com\/de\/juan-prego\/juan-prego-kurse\/\">\n\t\t\t\t\t\t<span class=\"elementor-button-content-wrapper\">\n\t\t\t\t\t\t\t\t\t<span class=\"elementor-button-text\">Sehen Sie sich die Kurse von Juan Prego an<\/span>\n\t\t\t\t\t<\/span>\n\t\t\t\t\t<\/a>\n\t\t\t\t<\/div>\n\t\t\t\t\t\t\t\t<\/div>\n\t\t\t\t<\/div>\n\t\t\t\t\t<\/div>\n\t\t<\/div>\n\t\t\t\t<div class=\"elementor-column elementor-col-66 elementor-top-column elementor-element elementor-element-9d833ba\" data-id=\"9d833ba\" data-element_type=\"column\" data-e-type=\"column\">\n\t\t\t<div class=\"elementor-widget-wrap elementor-element-populated\">\n\t\t\t\t\t\t<div class=\"elementor-element elementor-element-6e0d3f3 elementor-widget elementor-widget-heading\" data-id=\"6e0d3f3\" data-element_type=\"widget\" data-e-type=\"widget\" data-widget_type=\"heading.default\">\n\t\t\t\t<div class=\"elementor-widget-container\">\n\t\t\t\t\t<h3 class=\"elementor-heading-title elementor-size-default\">Biografie<\/h3>\t\t\t\t<\/div>\n\t\t\t\t<\/div>\n\t\t\t\t<div class=\"elementor-element elementor-element-17548a4 elementor-widget elementor-widget-text-editor\" data-id=\"17548a4\" data-element_type=\"widget\" data-e-type=\"widget\" data-widget_type=\"text-editor.default\">\n\t\t\t\t<div class=\"elementor-widget-container\">\n\t\t\t\t\t\t\t\t\t<p><span style=\"font-size: 16px; color: var( --e-global-color-text ); font-family: var( --e-global-typography-text-font-family ), Sans-serif; font-weight: var( --e-global-typography-text-font-weight );\">Gesch\u00e4ftsf\u00fchrender Gesellschafter von Attitud Creativa, Sch\u00f6pfer von Creative.OS, dem ersten Betriebssystem zur Verwaltung von Kreativit\u00e4t und Innovation in Organisationen. Autor von &#8222;Piensa Como un Genio (Think Like a Genius) und Redner. <\/span><\/p>\n<p><span style=\"font-size: 16px; color: var( --e-global-color-text ); font-family: var( --e-global-typography-text-font-family ), Sans-serif; font-weight: var( --e-global-typography-text-font-weight );\">Mitglied des Teams, das das Internet revolutionierte, indem es 1999 die erste Werbung \u201eFuera del Banner\u201c auf den Markt brachte. In den letzten Jahren widmete er sich der Vertiefung der Forschung und Entwicklung des kreativen Denkens in Organisationen und ist Autor des Buches \u201eThink like a Genius\u201c (TM) (Editorial Plataforma) Er hat internationale Teams in den drei L\u00e4ndern geleitet, in denen er gelebt hat; Argentinien, China und seit 2002 in Spanien. Er verf\u00fcgt \u00fcber zahlreiche internationale Zertifizierungen, er ist zertifizierter Trainer f\u00fcr \u201eSix Thinking Hats\u201c von \u201ede Bono Thinking Systems\u201c, er ist zertifizierter Berater f\u00fcr \u201eCorporate Transformation Tools\u201c vom Barrett Values \u200b\u200b\u200b\u200bCenter und vertritt in Spanien das renommierte Unternehmen Creative Education Foundation, eine Organisation, die vor mehr als 60 Jahren von Alex Osborn \u2013 dem Erfinder des Brainstormings \u2013 gegr\u00fcndet wurde und sich der Forschung und F\u00f6rderung von kreativem Denken auf der ganzen Welt widmet. Er ist Autor mehrerer Kreativit\u00e4tstechniken, darunter das \u201eTeamStormingTM\u201c, um Hunderte von Ideen in wenigen Minuten zu produzieren, oder die Kreativkarten \u201eMental Experiments\u201c. <\/span><\/p>\n<p><span style=\"font-size: 16px; color: var( --e-global-color-text ); font-family: var( --e-global-typography-text-font-family ), Sans-serif; font-weight: var( --e-global-typography-text-font-weight );\">Er ist regelm\u00e4\u00dfiger Redner in verschiedenen Foren und Autor der Konferenzen \u201eDREAM\u201c, \u201eCreative Intelligence\u201c oder \u201eAikido Management\u201c. Im Jahr 2011 rief er den \u201eInnovation Day\u201c ins Leben, an dem mehr als 200 F\u00fchrungskr\u00e4fte spanischer Unternehmen teilnahmen und der aufgrund seines gro\u00dfen Erfolgs im \u00f6ffentlichen und privaten Umfeld wiederholt wurde. Er ist au\u00dferdem der Gr\u00fcnder von Creative-OS, dem weltweit ersten Betriebssystem, das die F\u00e4higkeit zur Schaffung und Innovation in Organisationen entwickelt und verwaltet. <\/span><\/p>\n<p><span style=\"font-size: 16px; color: var( --e-global-color-text ); font-family: var( --e-global-typography-text-font-family ), Sans-serif; font-weight: var( --e-global-typography-text-font-weight );\">Er ist au\u00dferordentlicher Professor f\u00fcr Kreativit\u00e4t und Innovation in verschiedenen Master- und MBA-Studieng\u00e4ngen wie dem Master in Business Innovation an der Universit\u00e4t Deusto, dem MBA an der Universit\u00e4t Valladolid oder dem Master in Produktdesign, Kommunikation und strategischem Design am Europ\u00e4ischen Institut Design, unter anderem. Viele andere. Er ist ein international renommierter Redner und wurde zu Veranstaltungen in L\u00e4ndern wie S\u00fcdafrika, Italien, China und den Vereinigten Staaten eingeladen. <\/span><\/p>\n<p><span style=\"font-size: 16px; color: var( --e-global-color-text ); font-family: var( --e-global-typography-text-font-family ), Sans-serif; font-weight: var( --e-global-typography-text-font-weight );\">Er ist der Gr\u00fcnder von Escuela-ON, der weltweit ersten Online-Schule f\u00fcr kreatives Denken. Derzeit ist Juan gesch\u00e4ftsf\u00fchrender Gesellschafter von Attitud Creativa, einem f\u00fchrenden Berater f\u00fcr die Entwicklung von kreativem Denken und Innovation in Organisationen, sowie Moderator, Redner und Mitarbeiter verschiedener Medien in Spanien wie ESADE Cre\u00e1polis, Cadena COPE, Gestiona Radio, Telemadrid oder Harvard Business Review. Im Laufe seiner Karriere hat er mehr als 20.000 Menschen auf der ganzen Welt geschult.<\/span><\/p>\n\t\t\t\t\t\t\t\t<\/div>\n\t\t\t\t<\/div>\n\t\t\t\t\t<\/div>\n\t\t<\/div>\n\t\t\t\t\t<\/div>\n\t\t<\/section>\n\t\t\t\t<\/div>\n\t\t","protected":false},"excerpt":{"rendered":"<p>Juan Prego info@creativitycertification.com Inicio @JuanPrego Sehen Sie sich die Kurse von Juan Prego an Biografie Gesch\u00e4ftsf\u00fchrender Gesellschafter von Attitud Creativa, Sch\u00f6pfer von Creative.OS, dem ersten Betriebssystem zur Verwaltung von Kreativit\u00e4t und Innovation in Organisationen. Autor von &#8222;Piensa Como un Genio (Think Like a Genius) und Redner. Mitglied des Teams, das das Internet revolutionierte, indem es&#8230; <\/p>\n<div class=\"clear\"><\/div>\n<p><a href=\"https:\/\/www.creativitycertification.com\/de\/juan-prego\/\" class=\"gdlr-button with-border excerpt-read-more\">Read More<\/a><\/p>\n","protected":false},"author":1,"featured_media":0,"parent":0,"menu_order":20,"comment_status":"closed","ping_status":"closed","template":"","meta":{"footnotes":""},"class_list":["post-10119","page","type-page","status-publish","hentry"],"yoast_head":"<!-- This site is optimized with the Yoast SEO plugin v27.3 - https:\/\/yoast.com\/product\/yoast-seo-wordpress\/ -->\n<title>Juan Prego - Creativity Certification Program<\/title>\n<meta name=\"robots\" content=\"index, follow, max-snippet:-1, max-image-preview:large, max-video-preview:-1\" \/>\n<link rel=\"canonical\" href=\"https:\/\/www.creativitycertification.com\/quienes-somos\/juan-prego\/\" \/>\n<meta property=\"og:locale\" content=\"de_DE\" \/>\n<meta property=\"og:type\" content=\"article\" \/>\n<meta property=\"og:title\" content=\"Juan Prego - Creativity Certification Program\" \/>\n<meta property=\"og:description\" content=\"Juan Prego info@creativitycertification.com Inicio @JuanPrego Sehen Sie sich die Kurse von Juan Prego an Biografie Gesch\u00e4ftsf\u00fchrender Gesellschafter von Attitud Creativa, Sch\u00f6pfer von Creative.OS, dem ersten Betriebssystem zur Verwaltung von Kreativit\u00e4t und Innovation in Organisationen. Autor von &#8222;Piensa Como un Genio (Think Like a Genius) und Redner. Mitglied des Teams, das das Internet revolutionierte, indem es... Read More\" \/>\n<meta property=\"og:url\" content=\"https:\/\/www.creativitycertification.com\/quienes-somos\/juan-prego\/\" \/>\n<meta property=\"og:site_name\" content=\"Creativity Certification Program\" \/>\n<meta property=\"article:modified_time\" content=\"2024-04-02T18:22:04+00:00\" \/>\n<meta property=\"og:image\" content=\"https:\/\/www.creativitycertification.com\/wp-content\/uploads\/2023\/03\/juan-prego.png\" \/>\n<meta name=\"twitter:card\" content=\"summary_large_image\" \/>\n<meta name=\"twitter:label1\" content=\"Gesch\u00e4tzte Lesezeit\" \/>\n\t<meta name=\"twitter:data1\" content=\"3\u00a0Minuten\" \/>\n<script type=\"application\/ld+json\" class=\"yoast-schema-graph\">{\"@context\":\"https:\\\/\\\/schema.org\",\"@graph\":[{\"@type\":\"WebPage\",\"@id\":\"https:\\\/\\\/www.creativitycertification.com\\\/quienes-somos\\\/juan-prego\\\/\",\"url\":\"https:\\\/\\\/www.creativitycertification.com\\\/quienes-somos\\\/juan-prego\\\/\",\"name\":\"Juan Prego - Creativity Certification Program\",\"isPartOf\":{\"@id\":\"https:\\\/\\\/www.creativitycertification.com\\\/#website\"},\"primaryImageOfPage\":{\"@id\":\"https:\\\/\\\/www.creativitycertification.com\\\/quienes-somos\\\/juan-prego\\\/#primaryimage\"},\"image\":{\"@id\":\"https:\\\/\\\/www.creativitycertification.com\\\/quienes-somos\\\/juan-prego\\\/#primaryimage\"},\"thumbnailUrl\":\"https:\\\/\\\/www.creativitycertification.com\\\/wp-content\\\/uploads\\\/2023\\\/03\\\/juan-prego.png\",\"datePublished\":\"2023-03-13T16:06:54+00:00\",\"dateModified\":\"2024-04-02T18:22:04+00:00\",\"breadcrumb\":{\"@id\":\"https:\\\/\\\/www.creativitycertification.com\\\/quienes-somos\\\/juan-prego\\\/#breadcrumb\"},\"inLanguage\":\"de\",\"potentialAction\":[{\"@type\":\"ReadAction\",\"target\":[\"https:\\\/\\\/www.creativitycertification.com\\\/quienes-somos\\\/juan-prego\\\/\"]}]},{\"@type\":\"ImageObject\",\"inLanguage\":\"de\",\"@id\":\"https:\\\/\\\/www.creativitycertification.com\\\/quienes-somos\\\/juan-prego\\\/#primaryimage\",\"url\":\"https:\\\/\\\/www.creativitycertification.com\\\/wp-content\\\/uploads\\\/2023\\\/03\\\/juan-prego.png\",\"contentUrl\":\"https:\\\/\\\/www.creativitycertification.com\\\/wp-content\\\/uploads\\\/2023\\\/03\\\/juan-prego.png\"},{\"@type\":\"BreadcrumbList\",\"@id\":\"https:\\\/\\\/www.creativitycertification.com\\\/quienes-somos\\\/juan-prego\\\/#breadcrumb\",\"itemListElement\":[{\"@type\":\"ListItem\",\"position\":1,\"name\":\"Portada\",\"item\":\"https:\\\/\\\/www.creativitycertification.com\\\/\"},{\"@type\":\"ListItem\",\"position\":2,\"name\":\"Juan Prego\"}]},{\"@type\":\"WebSite\",\"@id\":\"https:\\\/\\\/www.creativitycertification.com\\\/#website\",\"url\":\"https:\\\/\\\/www.creativitycertification.com\\\/\",\"name\":\"Creativity Certification Program\",\"description\":\"|\",\"publisher\":{\"@id\":\"https:\\\/\\\/www.creativitycertification.com\\\/#organization\"},\"potentialAction\":[{\"@type\":\"SearchAction\",\"target\":{\"@type\":\"EntryPoint\",\"urlTemplate\":\"https:\\\/\\\/www.creativitycertification.com\\\/?s={search_term_string}\"},\"query-input\":{\"@type\":\"PropertyValueSpecification\",\"valueRequired\":true,\"valueName\":\"search_term_string\"}}],\"inLanguage\":\"de\"},{\"@type\":\"Organization\",\"@id\":\"https:\\\/\\\/www.creativitycertification.com\\\/#organization\",\"name\":\"Creativity Certification Program\",\"url\":\"https:\\\/\\\/www.creativitycertification.com\\\/\",\"logo\":{\"@type\":\"ImageObject\",\"inLanguage\":\"de\",\"@id\":\"https:\\\/\\\/www.creativitycertification.com\\\/#\\\/schema\\\/logo\\\/image\\\/\",\"url\":\"https:\\\/\\\/www.creativitycertification.com\\\/wp-content\\\/uploads\\\/2023\\\/02\\\/logo-ccp.png\",\"contentUrl\":\"https:\\\/\\\/www.creativitycertification.com\\\/wp-content\\\/uploads\\\/2023\\\/02\\\/logo-ccp.png\",\"width\":273,\"height\":127,\"caption\":\"Creativity Certification Program\"},\"image\":{\"@id\":\"https:\\\/\\\/www.creativitycertification.com\\\/#\\\/schema\\\/logo\\\/image\\\/\"}}]}<\/script>\n<!-- \/ Yoast SEO plugin. -->","yoast_head_json":{"title":"Juan Prego - Creativity Certification Program","robots":{"index":"index","follow":"follow","max-snippet":"max-snippet:-1","max-image-preview":"max-image-preview:large","max-video-preview":"max-video-preview:-1"},"canonical":"https:\/\/www.creativitycertification.com\/quienes-somos\/juan-prego\/","og_locale":"de_DE","og_type":"article","og_title":"Juan Prego - Creativity Certification Program","og_description":"Juan Prego info@creativitycertification.com Inicio @JuanPrego Sehen Sie sich die Kurse von Juan Prego an Biografie Gesch\u00e4ftsf\u00fchrender Gesellschafter von Attitud Creativa, Sch\u00f6pfer von Creative.OS, dem ersten Betriebssystem zur Verwaltung von Kreativit\u00e4t und Innovation in Organisationen. Autor von &#8222;Piensa Como un Genio (Think Like a Genius) und Redner. Mitglied des Teams, das das Internet revolutionierte, indem es... Read More","og_url":"https:\/\/www.creativitycertification.com\/quienes-somos\/juan-prego\/","og_site_name":"Creativity Certification Program","article_modified_time":"2024-04-02T18:22:04+00:00","og_image":[{"url":"https:\/\/www.creativitycertification.com\/wp-content\/uploads\/2023\/03\/juan-prego.png","type":"","width":"","height":""}],"twitter_card":"summary_large_image","twitter_misc":{"Gesch\u00e4tzte Lesezeit":"3\u00a0Minuten"},"schema":{"@context":"https:\/\/schema.org","@graph":[{"@type":"WebPage","@id":"https:\/\/www.creativitycertification.com\/quienes-somos\/juan-prego\/","url":"https:\/\/www.creativitycertification.com\/quienes-somos\/juan-prego\/","name":"Juan Prego - Creativity Certification Program","isPartOf":{"@id":"https:\/\/www.creativitycertification.com\/#website"},"primaryImageOfPage":{"@id":"https:\/\/www.creativitycertification.com\/quienes-somos\/juan-prego\/#primaryimage"},"image":{"@id":"https:\/\/www.creativitycertification.com\/quienes-somos\/juan-prego\/#primaryimage"},"thumbnailUrl":"https:\/\/www.creativitycertification.com\/wp-content\/uploads\/2023\/03\/juan-prego.png","datePublished":"2023-03-13T16:06:54+00:00","dateModified":"2024-04-02T18:22:04+00:00","breadcrumb":{"@id":"https:\/\/www.creativitycertification.com\/quienes-somos\/juan-prego\/#breadcrumb"},"inLanguage":"de","potentialAction":[{"@type":"ReadAction","target":["https:\/\/www.creativitycertification.com\/quienes-somos\/juan-prego\/"]}]},{"@type":"ImageObject","inLanguage":"de","@id":"https:\/\/www.creativitycertification.com\/quienes-somos\/juan-prego\/#primaryimage","url":"https:\/\/www.creativitycertification.com\/wp-content\/uploads\/2023\/03\/juan-prego.png","contentUrl":"https:\/\/www.creativitycertification.com\/wp-content\/uploads\/2023\/03\/juan-prego.png"},{"@type":"BreadcrumbList","@id":"https:\/\/www.creativitycertification.com\/quienes-somos\/juan-prego\/#breadcrumb","itemListElement":[{"@type":"ListItem","position":1,"name":"Portada","item":"https:\/\/www.creativitycertification.com\/"},{"@type":"ListItem","position":2,"name":"Juan Prego"}]},{"@type":"WebSite","@id":"https:\/\/www.creativitycertification.com\/#website","url":"https:\/\/www.creativitycertification.com\/","name":"Creativity Certification Program","description":"|","publisher":{"@id":"https:\/\/www.creativitycertification.com\/#organization"},"potentialAction":[{"@type":"SearchAction","target":{"@type":"EntryPoint","urlTemplate":"https:\/\/www.creativitycertification.com\/?s={search_term_string}"},"query-input":{"@type":"PropertyValueSpecification","valueRequired":true,"valueName":"search_term_string"}}],"inLanguage":"de"},{"@type":"Organization","@id":"https:\/\/www.creativitycertification.com\/#organization","name":"Creativity Certification Program","url":"https:\/\/www.creativitycertification.com\/","logo":{"@type":"ImageObject","inLanguage":"de","@id":"https:\/\/www.creativitycertification.com\/#\/schema\/logo\/image\/","url":"https:\/\/www.creativitycertification.com\/wp-content\/uploads\/2023\/02\/logo-ccp.png","contentUrl":"https:\/\/www.creativitycertification.com\/wp-content\/uploads\/2023\/02\/logo-ccp.png","width":273,"height":127,"caption":"Creativity Certification Program"},"image":{"@id":"https:\/\/www.creativitycertification.com\/#\/schema\/logo\/image\/"}}]}},"_links":{"self":[{"href":"https:\/\/www.creativitycertification.com\/de\/wp-json\/wp\/v2\/pages\/10119","targetHints":{"allow":["GET"]}}],"collection":[{"href":"https:\/\/www.creativitycertification.com\/de\/wp-json\/wp\/v2\/pages"}],"about":[{"href":"https:\/\/www.creativitycertification.com\/de\/wp-json\/wp\/v2\/types\/page"}],"author":[{"embeddable":true,"href":"https:\/\/www.creativitycertification.com\/de\/wp-json\/wp\/v2\/users\/1"}],"replies":[{"embeddable":true,"href":"https:\/\/www.creativitycertification.com\/de\/wp-json\/wp\/v2\/comments?post=10119"}],"version-history":[{"count":6,"href":"https:\/\/www.creativitycertification.com\/de\/wp-json\/wp\/v2\/pages\/10119\/revisions"}],"predecessor-version":[{"id":10127,"href":"https:\/\/www.creativitycertification.com\/de\/wp-json\/wp\/v2\/pages\/10119\/revisions\/10127"}],"wp:attachment":[{"href":"https:\/\/www.creativitycertification.com\/de\/wp-json\/wp\/v2\/media?parent=10119"}],"curies":[{"name":"wp","href":"https:\/\/api.w.org\/{rel}","templated":true}]}}