{"id":8957,"date":"2023-03-15T14:13:55","date_gmt":"2023-03-15T12:13:55","guid":{"rendered":"https:\/\/www.creativitycertification.com\/barbara-quiros\/"},"modified":"2023-06-09T10:58:31","modified_gmt":"2023-06-09T08:58:31","slug":"barbara-quiros","status":"publish","type":"page","link":"https:\/\/www.creativitycertification.com\/en\/about-us\/barbara-quiros\/","title":{"rendered":"B\u00e1rbara Quir\u00f3s"},"content":{"rendered":"\t\t<div data-elementor-type=\"wp-page\" data-elementor-id=\"8957\" class=\"elementor elementor-8957 elementor-5837\" data-elementor-post-type=\"page\">\n\t\t\t\t\t\t<section class=\"elementor-section elementor-top-section elementor-element elementor-element-62eda2d elementor-section-boxed elementor-section-height-default elementor-section-height-default\" data-id=\"62eda2d\" data-element_type=\"section\" data-e-type=\"section\">\n\t\t\t\t\t\t<div class=\"elementor-container elementor-column-gap-default\">\n\t\t\t\t\t<div class=\"elementor-column elementor-col-33 elementor-top-column elementor-element elementor-element-c175806\" data-id=\"c175806\" data-element_type=\"column\" data-e-type=\"column\" data-settings=\"{&quot;background_background&quot;:&quot;classic&quot;}\">\n\t\t\t<div class=\"elementor-widget-wrap elementor-element-populated\">\n\t\t\t\t\t\t<div class=\"elementor-element elementor-element-c39a092 elementor-widget__width-inherit elementor-widget elementor-widget-image\" data-id=\"c39a092\" data-element_type=\"widget\" data-e-type=\"widget\" data-widget_type=\"image.default\">\n\t\t\t\t<div class=\"elementor-widget-container\">\n\t\t\t\t\t\t\t\t\t\t\t\t\t\t\t<img fetchpriority=\"high\" decoding=\"async\" width=\"700\" height=\"400\" src=\"https:\/\/www.creativitycertification.com\/wp-content\/uploads\/2023\/03\/BARBARA-700x400-1.png\" class=\"attachment-large size-large wp-image-5865\" alt=\"\" srcset=\"https:\/\/www.creativitycertification.com\/wp-content\/uploads\/2023\/03\/BARBARA-700x400-1.png 700w, https:\/\/www.creativitycertification.com\/wp-content\/uploads\/2023\/03\/BARBARA-700x400-1-300x171.png 300w\" sizes=\"(max-width: 700px) 100vw, 700px\" \/>\t\t\t\t\t\t\t\t\t\t\t\t\t\t\t<\/div>\n\t\t\t\t<\/div>\n\t\t\t\t<div class=\"elementor-element elementor-element-d4d6e2a elementor-widget elementor-widget-heading\" data-id=\"d4d6e2a\" data-element_type=\"widget\" data-e-type=\"widget\" data-widget_type=\"heading.default\">\n\t\t\t\t<div class=\"elementor-widget-container\">\n\t\t\t\t\t<h3 class=\"elementor-heading-title elementor-size-default\">B\u00e1rbara Quir\u00f3s<\/h3>\t\t\t\t<\/div>\n\t\t\t\t<\/div>\n\t\t\t\t<div class=\"elementor-element elementor-element-c44237f elementor-widget elementor-widget-eael-creative-button\" data-id=\"c44237f\" data-element_type=\"widget\" data-e-type=\"widget\" data-widget_type=\"eael-creative-button.default\">\n\t\t\t\t<div class=\"elementor-widget-container\">\n\t\t\t\t\t        <div class=\"eael-creative-button-wrapper\">\n\n            <a class=\"eael-creative-button eael-creative-button--default eael-cb-icon-position-left\" href=\"mailto:barbara@actitudcreativa.es\" data-text=\"\">\n            \t    \n                <div class=\"creative-button-inner\">\n\n                                            <span class=\"eael-creative-button-icon-left\"><i aria-hidden=\"true\" class=\"far fa-envelope\"><\/i><\/span>                    \n                    <span class=\"cretive-button-text\">barbara@actitudcreativa.es<\/span>\n\n                                    <\/div>\n\t                        <\/a>\n        <\/div>\n        \t\t\t\t<\/div>\n\t\t\t\t<\/div>\n\t\t\t\t<div class=\"elementor-element elementor-element-a2f2a05 elementor-align-justify elementor-hidden-desktop elementor-hidden-tablet elementor-hidden-mobile elementor-widget elementor-widget-button\" data-id=\"a2f2a05\" data-element_type=\"widget\" data-e-type=\"widget\" data-widget_type=\"button.default\">\n\t\t\t\t<div class=\"elementor-widget-container\">\n\t\t\t\t\t\t\t\t\t<div class=\"elementor-button-wrapper\">\n\t\t\t\t\t<a class=\"elementor-button elementor-button-link elementor-size-sm\" href=\"https:\/\/www.creativitycertification.com\/quienes-somos\/barbara-quiros\/cursos-barbara-quiros\/\">\n\t\t\t\t\t\t<span class=\"elementor-button-content-wrapper\">\n\t\t\t\t\t\t\t\t\t<span class=\"elementor-button-text\">See courses taught by B\u00e1rbara Quir\u00f3s<\/span>\n\t\t\t\t\t<\/span>\n\t\t\t\t\t<\/a>\n\t\t\t\t<\/div>\n\t\t\t\t\t\t\t\t<\/div>\n\t\t\t\t<\/div>\n\t\t\t\t\t<\/div>\n\t\t<\/div>\n\t\t\t\t<div class=\"elementor-column elementor-col-66 elementor-top-column elementor-element elementor-element-9d833ba\" data-id=\"9d833ba\" data-element_type=\"column\" data-e-type=\"column\">\n\t\t\t<div class=\"elementor-widget-wrap elementor-element-populated\">\n\t\t\t\t\t\t<div class=\"elementor-element elementor-element-6e0d3f3 elementor-widget elementor-widget-heading\" data-id=\"6e0d3f3\" data-element_type=\"widget\" data-e-type=\"widget\" data-widget_type=\"heading.default\">\n\t\t\t\t<div class=\"elementor-widget-container\">\n\t\t\t\t\t<h3 class=\"elementor-heading-title elementor-size-default\">Biography<\/h3>\t\t\t\t<\/div>\n\t\t\t\t<\/div>\n\t\t\t\t<div class=\"elementor-element elementor-element-17548a4 elementor-widget elementor-widget-text-editor\" data-id=\"17548a4\" data-element_type=\"widget\" data-e-type=\"widget\" data-widget_type=\"text-editor.default\">\n\t\t\t\t<div class=\"elementor-widget-container\">\n\t\t\t\t\t\t\t\t\t<p>Barbara has more than 10 years of experience at General Electric, one of the most innovative companies, where she held various positions in Quality Systems Management, Product Management, Marketing and Sales.<\/p>\n<p>As part of the Attitude Creativa team, he focuses on managing corporate accounts while developing transformation-oriented teams through the use of visual tools.<\/p>\n<p>She is the founder of Visual Spain, a community for the knowledge and development of Visual Thinking.<\/p>\n\t\t\t\t\t\t\t\t<\/div>\n\t\t\t\t<\/div>\n\t\t\t\t\t<\/div>\n\t\t<\/div>\n\t\t\t\t\t<\/div>\n\t\t<\/section>\n\t\t\t\t<\/div>\n\t\t","protected":false},"excerpt":{"rendered":"<p>B\u00e1rbara Quir\u00f3s barbara@actitudcreativa.es See courses taught by B\u00e1rbara Quir\u00f3s Biography Barbara has more than 10 years of experience at General Electric, one of the most innovative companies, where she held various positions in Quality Systems Management, Product Management, Marketing and Sales. As part of the Attitude Creativa team, he focuses on managing corporate accounts while&#8230; <\/p>\n<div class=\"clear\"><\/div>\n<p><a href=\"https:\/\/www.creativitycertification.com\/en\/about-us\/barbara-quiros\/\" class=\"gdlr-button with-border excerpt-read-more\">Read More<\/a><\/p>\n","protected":false},"author":1,"featured_media":0,"parent":8977,"menu_order":20,"comment_status":"closed","ping_status":"closed","template":"","meta":{"footnotes":""},"class_list":["post-8957","page","type-page","status-publish","hentry"],"yoast_head":"<!-- This site is optimized with the Yoast SEO plugin v27.3 - https:\/\/yoast.com\/product\/yoast-seo-wordpress\/ -->\n<title>B\u00e1rbara Quir\u00f3s - Creativity Certification Program<\/title>\n<meta name=\"robots\" content=\"index, follow, max-snippet:-1, max-image-preview:large, max-video-preview:-1\" \/>\n<link rel=\"canonical\" href=\"https:\/\/www.creativitycertification.com\/en\/barbara-quiros\/\" \/>\n<meta property=\"og:locale\" content=\"en_US\" \/>\n<meta property=\"og:type\" content=\"article\" \/>\n<meta property=\"og:title\" content=\"B\u00e1rbara Quir\u00f3s - Creativity Certification Program\" \/>\n<meta property=\"og:description\" content=\"B\u00e1rbara Quir\u00f3s barbara@actitudcreativa.es See courses taught by B\u00e1rbara Quir\u00f3s Biography Barbara has more than 10 years of experience at General Electric, one of the most innovative companies, where she held various positions in Quality Systems Management, Product Management, Marketing and Sales. As part of the Attitude Creativa team, he focuses on managing corporate accounts while... Read More\" \/>\n<meta property=\"og:url\" content=\"https:\/\/www.creativitycertification.com\/en\/barbara-quiros\/\" \/>\n<meta property=\"og:site_name\" content=\"Creativity Certification Program\" \/>\n<meta property=\"article:modified_time\" content=\"2023-06-09T08:58:31+00:00\" \/>\n<meta property=\"og:image\" content=\"https:\/\/www.creativitycertification.com\/wp-content\/uploads\/2023\/03\/BARBARA-700x400-1.png\" \/>\n<meta name=\"twitter:card\" content=\"summary_large_image\" \/>\n<script type=\"application\/ld+json\" class=\"yoast-schema-graph\">{\"@context\":\"https:\\\/\\\/schema.org\",\"@graph\":[{\"@type\":\"WebPage\",\"@id\":\"https:\\\/\\\/www.creativitycertification.com\\\/en\\\/barbara-quiros\\\/\",\"url\":\"https:\\\/\\\/www.creativitycertification.com\\\/en\\\/barbara-quiros\\\/\",\"name\":\"B\u00e1rbara Quir\u00f3s - Creativity Certification Program\",\"isPartOf\":{\"@id\":\"https:\\\/\\\/www.creativitycertification.com\\\/#website\"},\"primaryImageOfPage\":{\"@id\":\"https:\\\/\\\/www.creativitycertification.com\\\/en\\\/barbara-quiros\\\/#primaryimage\"},\"image\":{\"@id\":\"https:\\\/\\\/www.creativitycertification.com\\\/en\\\/barbara-quiros\\\/#primaryimage\"},\"thumbnailUrl\":\"https:\\\/\\\/www.creativitycertification.com\\\/wp-content\\\/uploads\\\/2023\\\/03\\\/BARBARA-700x400-1.png\",\"datePublished\":\"2023-03-15T12:13:55+00:00\",\"dateModified\":\"2023-06-09T08:58:31+00:00\",\"breadcrumb\":{\"@id\":\"https:\\\/\\\/www.creativitycertification.com\\\/en\\\/barbara-quiros\\\/#breadcrumb\"},\"inLanguage\":\"en-US\",\"potentialAction\":[{\"@type\":\"ReadAction\",\"target\":[\"https:\\\/\\\/www.creativitycertification.com\\\/en\\\/barbara-quiros\\\/\"]}]},{\"@type\":\"ImageObject\",\"inLanguage\":\"en-US\",\"@id\":\"https:\\\/\\\/www.creativitycertification.com\\\/en\\\/barbara-quiros\\\/#primaryimage\",\"url\":\"https:\\\/\\\/www.creativitycertification.com\\\/wp-content\\\/uploads\\\/2023\\\/03\\\/BARBARA-700x400-1.png\",\"contentUrl\":\"https:\\\/\\\/www.creativitycertification.com\\\/wp-content\\\/uploads\\\/2023\\\/03\\\/BARBARA-700x400-1.png\"},{\"@type\":\"BreadcrumbList\",\"@id\":\"https:\\\/\\\/www.creativitycertification.com\\\/en\\\/barbara-quiros\\\/#breadcrumb\",\"itemListElement\":[{\"@type\":\"ListItem\",\"position\":1,\"name\":\"Portada\",\"item\":\"https:\\\/\\\/www.creativitycertification.com\\\/\"},{\"@type\":\"ListItem\",\"position\":2,\"name\":\"B\u00e1rbara Quir\u00f3s\"}]},{\"@type\":\"WebSite\",\"@id\":\"https:\\\/\\\/www.creativitycertification.com\\\/#website\",\"url\":\"https:\\\/\\\/www.creativitycertification.com\\\/\",\"name\":\"Creativity Certification Program\",\"description\":\"|\",\"publisher\":{\"@id\":\"https:\\\/\\\/www.creativitycertification.com\\\/#organization\"},\"potentialAction\":[{\"@type\":\"SearchAction\",\"target\":{\"@type\":\"EntryPoint\",\"urlTemplate\":\"https:\\\/\\\/www.creativitycertification.com\\\/?s={search_term_string}\"},\"query-input\":{\"@type\":\"PropertyValueSpecification\",\"valueRequired\":true,\"valueName\":\"search_term_string\"}}],\"inLanguage\":\"en-US\"},{\"@type\":\"Organization\",\"@id\":\"https:\\\/\\\/www.creativitycertification.com\\\/#organization\",\"name\":\"Creativity Certification Program\",\"url\":\"https:\\\/\\\/www.creativitycertification.com\\\/\",\"logo\":{\"@type\":\"ImageObject\",\"inLanguage\":\"en-US\",\"@id\":\"https:\\\/\\\/www.creativitycertification.com\\\/#\\\/schema\\\/logo\\\/image\\\/\",\"url\":\"https:\\\/\\\/www.creativitycertification.com\\\/wp-content\\\/uploads\\\/2023\\\/02\\\/logo-ccp.png\",\"contentUrl\":\"https:\\\/\\\/www.creativitycertification.com\\\/wp-content\\\/uploads\\\/2023\\\/02\\\/logo-ccp.png\",\"width\":273,\"height\":127,\"caption\":\"Creativity Certification Program\"},\"image\":{\"@id\":\"https:\\\/\\\/www.creativitycertification.com\\\/#\\\/schema\\\/logo\\\/image\\\/\"}}]}<\/script>\n<!-- \/ Yoast SEO plugin. -->","yoast_head_json":{"title":"B\u00e1rbara Quir\u00f3s - Creativity Certification Program","robots":{"index":"index","follow":"follow","max-snippet":"max-snippet:-1","max-image-preview":"max-image-preview:large","max-video-preview":"max-video-preview:-1"},"canonical":"https:\/\/www.creativitycertification.com\/en\/barbara-quiros\/","og_locale":"en_US","og_type":"article","og_title":"B\u00e1rbara Quir\u00f3s - Creativity Certification Program","og_description":"B\u00e1rbara Quir\u00f3s barbara@actitudcreativa.es See courses taught by B\u00e1rbara Quir\u00f3s Biography Barbara has more than 10 years of experience at General Electric, one of the most innovative companies, where she held various positions in Quality Systems Management, Product Management, Marketing and Sales. As part of the Attitude Creativa team, he focuses on managing corporate accounts while... Read More","og_url":"https:\/\/www.creativitycertification.com\/en\/barbara-quiros\/","og_site_name":"Creativity Certification Program","article_modified_time":"2023-06-09T08:58:31+00:00","og_image":[{"url":"https:\/\/www.creativitycertification.com\/wp-content\/uploads\/2023\/03\/BARBARA-700x400-1.png","type":"","width":"","height":""}],"twitter_card":"summary_large_image","schema":{"@context":"https:\/\/schema.org","@graph":[{"@type":"WebPage","@id":"https:\/\/www.creativitycertification.com\/en\/barbara-quiros\/","url":"https:\/\/www.creativitycertification.com\/en\/barbara-quiros\/","name":"B\u00e1rbara Quir\u00f3s - Creativity Certification Program","isPartOf":{"@id":"https:\/\/www.creativitycertification.com\/#website"},"primaryImageOfPage":{"@id":"https:\/\/www.creativitycertification.com\/en\/barbara-quiros\/#primaryimage"},"image":{"@id":"https:\/\/www.creativitycertification.com\/en\/barbara-quiros\/#primaryimage"},"thumbnailUrl":"https:\/\/www.creativitycertification.com\/wp-content\/uploads\/2023\/03\/BARBARA-700x400-1.png","datePublished":"2023-03-15T12:13:55+00:00","dateModified":"2023-06-09T08:58:31+00:00","breadcrumb":{"@id":"https:\/\/www.creativitycertification.com\/en\/barbara-quiros\/#breadcrumb"},"inLanguage":"en-US","potentialAction":[{"@type":"ReadAction","target":["https:\/\/www.creativitycertification.com\/en\/barbara-quiros\/"]}]},{"@type":"ImageObject","inLanguage":"en-US","@id":"https:\/\/www.creativitycertification.com\/en\/barbara-quiros\/#primaryimage","url":"https:\/\/www.creativitycertification.com\/wp-content\/uploads\/2023\/03\/BARBARA-700x400-1.png","contentUrl":"https:\/\/www.creativitycertification.com\/wp-content\/uploads\/2023\/03\/BARBARA-700x400-1.png"},{"@type":"BreadcrumbList","@id":"https:\/\/www.creativitycertification.com\/en\/barbara-quiros\/#breadcrumb","itemListElement":[{"@type":"ListItem","position":1,"name":"Portada","item":"https:\/\/www.creativitycertification.com\/"},{"@type":"ListItem","position":2,"name":"B\u00e1rbara Quir\u00f3s"}]},{"@type":"WebSite","@id":"https:\/\/www.creativitycertification.com\/#website","url":"https:\/\/www.creativitycertification.com\/","name":"Creativity Certification Program","description":"|","publisher":{"@id":"https:\/\/www.creativitycertification.com\/#organization"},"potentialAction":[{"@type":"SearchAction","target":{"@type":"EntryPoint","urlTemplate":"https:\/\/www.creativitycertification.com\/?s={search_term_string}"},"query-input":{"@type":"PropertyValueSpecification","valueRequired":true,"valueName":"search_term_string"}}],"inLanguage":"en-US"},{"@type":"Organization","@id":"https:\/\/www.creativitycertification.com\/#organization","name":"Creativity Certification Program","url":"https:\/\/www.creativitycertification.com\/","logo":{"@type":"ImageObject","inLanguage":"en-US","@id":"https:\/\/www.creativitycertification.com\/#\/schema\/logo\/image\/","url":"https:\/\/www.creativitycertification.com\/wp-content\/uploads\/2023\/02\/logo-ccp.png","contentUrl":"https:\/\/www.creativitycertification.com\/wp-content\/uploads\/2023\/02\/logo-ccp.png","width":273,"height":127,"caption":"Creativity Certification Program"},"image":{"@id":"https:\/\/www.creativitycertification.com\/#\/schema\/logo\/image\/"}}]}},"_links":{"self":[{"href":"https:\/\/www.creativitycertification.com\/en\/wp-json\/wp\/v2\/pages\/8957","targetHints":{"allow":["GET"]}}],"collection":[{"href":"https:\/\/www.creativitycertification.com\/en\/wp-json\/wp\/v2\/pages"}],"about":[{"href":"https:\/\/www.creativitycertification.com\/en\/wp-json\/wp\/v2\/types\/page"}],"author":[{"embeddable":true,"href":"https:\/\/www.creativitycertification.com\/en\/wp-json\/wp\/v2\/users\/1"}],"replies":[{"embeddable":true,"href":"https:\/\/www.creativitycertification.com\/en\/wp-json\/wp\/v2\/comments?post=8957"}],"version-history":[{"count":3,"href":"https:\/\/www.creativitycertification.com\/en\/wp-json\/wp\/v2\/pages\/8957\/revisions"}],"predecessor-version":[{"id":8960,"href":"https:\/\/www.creativitycertification.com\/en\/wp-json\/wp\/v2\/pages\/8957\/revisions\/8960"}],"up":[{"embeddable":true,"href":"https:\/\/www.creativitycertification.com\/en\/wp-json\/wp\/v2\/pages\/8977"}],"wp:attachment":[{"href":"https:\/\/www.creativitycertification.com\/en\/wp-json\/wp\/v2\/media?parent=8957"}],"curies":[{"name":"wp","href":"https:\/\/api.w.org\/{rel}","templated":true}]}}