{"id":8961,"date":"2023-03-15T14:14:10","date_gmt":"2023-03-15T12:14:10","guid":{"rendered":"https:\/\/www.creativitycertification.com\/barbara-quiros\/barbara-quiros-courses\/"},"modified":"2023-06-09T10:59:21","modified_gmt":"2023-06-09T08:59:21","slug":"barbara-quiros-courses","status":"publish","type":"page","link":"https:\/\/www.creativitycertification.com\/en\/about-us\/barbara-quiros\/barbara-quiros-courses\/","title":{"rendered":"Barbara Quir\u00f3s Courses"},"content":{"rendered":"\t\t<div data-elementor-type=\"wp-page\" data-elementor-id=\"8961\" class=\"elementor elementor-8961 elementor-5839\" data-elementor-post-type=\"page\">\n\t\t\t\t\t\t<section class=\"elementor-section elementor-top-section elementor-element elementor-element-44d1746 elementor-section-boxed elementor-section-height-default elementor-section-height-default\" data-id=\"44d1746\" data-element_type=\"section\" data-e-type=\"section\">\n\t\t\t\t\t\t<div class=\"elementor-container elementor-column-gap-default\">\n\t\t\t\t\t<div class=\"elementor-column elementor-col-100 elementor-top-column elementor-element elementor-element-2661505\" data-id=\"2661505\" data-element_type=\"column\" data-e-type=\"column\">\n\t\t\t<div class=\"elementor-widget-wrap elementor-element-populated\">\n\t\t\t\t\t\t<section class=\"elementor-section elementor-inner-section elementor-element elementor-element-8297c00 elementor-section-boxed elementor-section-height-default elementor-section-height-default\" data-id=\"8297c00\" data-element_type=\"section\" data-e-type=\"section\">\n\t\t\t\t\t\t<div class=\"elementor-container elementor-column-gap-default\">\n\t\t\t\t\t<div class=\"elementor-column elementor-col-50 elementor-inner-column elementor-element elementor-element-f0286d5\" data-id=\"f0286d5\" data-element_type=\"column\" data-e-type=\"column\">\n\t\t\t<div class=\"elementor-widget-wrap elementor-element-populated\">\n\t\t\t\t\t\t<div class=\"elementor-element elementor-element-174a0d2 elementor-widget elementor-widget-heading\" data-id=\"174a0d2\" data-element_type=\"widget\" data-e-type=\"widget\" data-widget_type=\"heading.default\">\n\t\t\t\t<div class=\"elementor-widget-container\">\n\t\t\t\t\t<h1 class=\"elementor-heading-title elementor-size-default\">Courses taught by B\u00e1rbara Quir\u00f3s<\/h1>\t\t\t\t<\/div>\n\t\t\t\t<\/div>\n\t\t\t\t\t<\/div>\n\t\t<\/div>\n\t\t\t\t<div class=\"elementor-column elementor-col-50 elementor-inner-column elementor-element elementor-element-f3374ee\" data-id=\"f3374ee\" data-element_type=\"column\" data-e-type=\"column\">\n\t\t\t<div class=\"elementor-widget-wrap elementor-element-populated\">\n\t\t\t\t\t\t<div class=\"elementor-element elementor-element-08534d1 elementor-widget elementor-widget-text-editor\" data-id=\"08534d1\" data-element_type=\"widget\" data-e-type=\"widget\" data-widget_type=\"text-editor.default\">\n\t\t\t\t<div class=\"elementor-widget-container\">\n\t\t\t\t\t\t\t\t\t<p><a href=\"https:\/\/www.creativitycertification.com\/en\/juan-prego\/\">About us<\/a> \/ <a href=\"https:\/\/www.creativitycertification.com\/en\/barbara-quiros\/\">B\u00e1rbara Quir\u00f3s<\/a><\/p>\n\t\t\t\t\t\t\t\t<\/div>\n\t\t\t\t<\/div>\n\t\t\t\t\t<\/div>\n\t\t<\/div>\n\t\t\t\t\t<\/div>\n\t\t<\/section>\n\t\t\t\t<div class=\"elementor-element elementor-element-06cd394 elementor-widget elementor-widget-event-listing\" data-id=\"06cd394\" data-element_type=\"widget\" data-e-type=\"widget\" data-widget_type=\"event-listing.default\">\n\t\t\t\t<div class=\"elementor-widget-container\">\n\t\t\t\t\t<div class=\"event_listings\" data-location=\"\" data-keywords=\"Barbara\" data-show_filters=\"false\" data-show_pagination=\"false\" data-per_page=\"12\" data-orderby=\"event_start_date\" data-order=\"DESC\" data-datetimes=\"Any Date,Today,Tomorrow,This Week,This Weekend,This Month,This Year,Next Week,Next Weekend,Next Month,Next Year\" data-categories=\"CONFECHA\" data-event_types=\"\" data-ticket_prices=\"Any Ticket Price,Paid,Free\" data-featured=\"false\" >\t<div class=\"no_event_listings_found\">There are currently no events.<\/div>\r<\/div>\t\t\t\t<\/div>\n\t\t\t\t<\/div>\n\t\t\t\t\t<\/div>\n\t\t<\/div>\n\t\t\t\t\t<\/div>\n\t\t<\/section>\n\t\t\t\t<\/div>\n\t\t","protected":false},"excerpt":{"rendered":"<p>Courses taught by B\u00e1rbara Quir\u00f3s About us \/ B\u00e1rbara Quir\u00f3s There are currently no events.<\/p>\n","protected":false},"author":1,"featured_media":0,"parent":8957,"menu_order":20,"comment_status":"closed","ping_status":"closed","template":"","meta":{"footnotes":""},"class_list":["post-8961","page","type-page","status-publish","hentry"],"yoast_head":"<!-- This site is optimized with the Yoast SEO plugin v27.5 - https:\/\/yoast.com\/product\/yoast-seo-wordpress\/ -->\n<title>Barbara Quir\u00f3s Courses - Creativity Certification Program<\/title>\n<meta name=\"robots\" content=\"index, follow, max-snippet:-1, max-image-preview:large, max-video-preview:-1\" \/>\n<link rel=\"canonical\" href=\"https:\/\/www.creativitycertification.com\/en\/barbara-quiros\/barbara-quiros-courses\/\" \/>\n<meta property=\"og:locale\" content=\"en_US\" \/>\n<meta property=\"og:type\" content=\"article\" \/>\n<meta property=\"og:title\" content=\"Barbara Quir\u00f3s Courses - Creativity Certification Program\" \/>\n<meta property=\"og:description\" content=\"Courses taught by B\u00e1rbara Quir\u00f3s About us \/ B\u00e1rbara Quir\u00f3s There are currently no events.\" \/>\n<meta property=\"og:url\" content=\"https:\/\/www.creativitycertification.com\/en\/barbara-quiros\/barbara-quiros-courses\/\" \/>\n<meta property=\"og:site_name\" content=\"Creativity Certification Program\" \/>\n<meta property=\"article:modified_time\" content=\"2023-06-09T08:59:21+00:00\" \/>\n<meta name=\"twitter:card\" content=\"summary_large_image\" \/>\n<script type=\"application\/ld+json\" class=\"yoast-schema-graph\">{\"@context\":\"https:\\\/\\\/schema.org\",\"@graph\":[{\"@type\":\"WebPage\",\"@id\":\"https:\\\/\\\/www.creativitycertification.com\\\/en\\\/barbara-quiros\\\/barbara-quiros-courses\\\/\",\"url\":\"https:\\\/\\\/www.creativitycertification.com\\\/en\\\/barbara-quiros\\\/barbara-quiros-courses\\\/\",\"name\":\"Barbara Quir\u00f3s Courses - Creativity Certification Program\",\"isPartOf\":{\"@id\":\"https:\\\/\\\/www.creativitycertification.com\\\/#website\"},\"datePublished\":\"2023-03-15T12:14:10+00:00\",\"dateModified\":\"2023-06-09T08:59:21+00:00\",\"breadcrumb\":{\"@id\":\"https:\\\/\\\/www.creativitycertification.com\\\/en\\\/barbara-quiros\\\/barbara-quiros-courses\\\/#breadcrumb\"},\"inLanguage\":\"en-US\",\"potentialAction\":[{\"@type\":\"ReadAction\",\"target\":[\"https:\\\/\\\/www.creativitycertification.com\\\/en\\\/barbara-quiros\\\/barbara-quiros-courses\\\/\"]}]},{\"@type\":\"BreadcrumbList\",\"@id\":\"https:\\\/\\\/www.creativitycertification.com\\\/en\\\/barbara-quiros\\\/barbara-quiros-courses\\\/#breadcrumb\",\"itemListElement\":[{\"@type\":\"ListItem\",\"position\":1,\"name\":\"Portada\",\"item\":\"https:\\\/\\\/www.creativitycertification.com\\\/\"},{\"@type\":\"ListItem\",\"position\":2,\"name\":\"B\u00e1rbara Quir\u00f3s\",\"item\":\"https:\\\/\\\/www.creativitycertification.com\\\/en\\\/barbara-quiros\\\/\"},{\"@type\":\"ListItem\",\"position\":3,\"name\":\"Barbara Quir\u00f3s Courses\"}]},{\"@type\":\"WebSite\",\"@id\":\"https:\\\/\\\/www.creativitycertification.com\\\/#website\",\"url\":\"https:\\\/\\\/www.creativitycertification.com\\\/\",\"name\":\"Creativity Certification Program\",\"description\":\"|\",\"publisher\":{\"@id\":\"https:\\\/\\\/www.creativitycertification.com\\\/#organization\"},\"potentialAction\":[{\"@type\":\"SearchAction\",\"target\":{\"@type\":\"EntryPoint\",\"urlTemplate\":\"https:\\\/\\\/www.creativitycertification.com\\\/?s={search_term_string}\"},\"query-input\":{\"@type\":\"PropertyValueSpecification\",\"valueRequired\":true,\"valueName\":\"search_term_string\"}}],\"inLanguage\":\"en-US\"},{\"@type\":\"Organization\",\"@id\":\"https:\\\/\\\/www.creativitycertification.com\\\/#organization\",\"name\":\"Creativity Certification Program\",\"url\":\"https:\\\/\\\/www.creativitycertification.com\\\/\",\"logo\":{\"@type\":\"ImageObject\",\"inLanguage\":\"en-US\",\"@id\":\"https:\\\/\\\/www.creativitycertification.com\\\/#\\\/schema\\\/logo\\\/image\\\/\",\"url\":\"https:\\\/\\\/www.creativitycertification.com\\\/wp-content\\\/uploads\\\/2023\\\/02\\\/logo-ccp.png\",\"contentUrl\":\"https:\\\/\\\/www.creativitycertification.com\\\/wp-content\\\/uploads\\\/2023\\\/02\\\/logo-ccp.png\",\"width\":273,\"height\":127,\"caption\":\"Creativity Certification Program\"},\"image\":{\"@id\":\"https:\\\/\\\/www.creativitycertification.com\\\/#\\\/schema\\\/logo\\\/image\\\/\"}}]}<\/script>\n<!-- \/ Yoast SEO plugin. -->","yoast_head_json":{"title":"Barbara Quir\u00f3s Courses - Creativity Certification Program","robots":{"index":"index","follow":"follow","max-snippet":"max-snippet:-1","max-image-preview":"max-image-preview:large","max-video-preview":"max-video-preview:-1"},"canonical":"https:\/\/www.creativitycertification.com\/en\/barbara-quiros\/barbara-quiros-courses\/","og_locale":"en_US","og_type":"article","og_title":"Barbara Quir\u00f3s Courses - Creativity Certification Program","og_description":"Courses taught by B\u00e1rbara Quir\u00f3s About us \/ B\u00e1rbara Quir\u00f3s There are currently no events.","og_url":"https:\/\/www.creativitycertification.com\/en\/barbara-quiros\/barbara-quiros-courses\/","og_site_name":"Creativity Certification Program","article_modified_time":"2023-06-09T08:59:21+00:00","twitter_card":"summary_large_image","schema":{"@context":"https:\/\/schema.org","@graph":[{"@type":"WebPage","@id":"https:\/\/www.creativitycertification.com\/en\/barbara-quiros\/barbara-quiros-courses\/","url":"https:\/\/www.creativitycertification.com\/en\/barbara-quiros\/barbara-quiros-courses\/","name":"Barbara Quir\u00f3s Courses - Creativity Certification Program","isPartOf":{"@id":"https:\/\/www.creativitycertification.com\/#website"},"datePublished":"2023-03-15T12:14:10+00:00","dateModified":"2023-06-09T08:59:21+00:00","breadcrumb":{"@id":"https:\/\/www.creativitycertification.com\/en\/barbara-quiros\/barbara-quiros-courses\/#breadcrumb"},"inLanguage":"en-US","potentialAction":[{"@type":"ReadAction","target":["https:\/\/www.creativitycertification.com\/en\/barbara-quiros\/barbara-quiros-courses\/"]}]},{"@type":"BreadcrumbList","@id":"https:\/\/www.creativitycertification.com\/en\/barbara-quiros\/barbara-quiros-courses\/#breadcrumb","itemListElement":[{"@type":"ListItem","position":1,"name":"Portada","item":"https:\/\/www.creativitycertification.com\/"},{"@type":"ListItem","position":2,"name":"B\u00e1rbara Quir\u00f3s","item":"https:\/\/www.creativitycertification.com\/en\/barbara-quiros\/"},{"@type":"ListItem","position":3,"name":"Barbara Quir\u00f3s Courses"}]},{"@type":"WebSite","@id":"https:\/\/www.creativitycertification.com\/#website","url":"https:\/\/www.creativitycertification.com\/","name":"Creativity Certification Program","description":"|","publisher":{"@id":"https:\/\/www.creativitycertification.com\/#organization"},"potentialAction":[{"@type":"SearchAction","target":{"@type":"EntryPoint","urlTemplate":"https:\/\/www.creativitycertification.com\/?s={search_term_string}"},"query-input":{"@type":"PropertyValueSpecification","valueRequired":true,"valueName":"search_term_string"}}],"inLanguage":"en-US"},{"@type":"Organization","@id":"https:\/\/www.creativitycertification.com\/#organization","name":"Creativity Certification Program","url":"https:\/\/www.creativitycertification.com\/","logo":{"@type":"ImageObject","inLanguage":"en-US","@id":"https:\/\/www.creativitycertification.com\/#\/schema\/logo\/image\/","url":"https:\/\/www.creativitycertification.com\/wp-content\/uploads\/2023\/02\/logo-ccp.png","contentUrl":"https:\/\/www.creativitycertification.com\/wp-content\/uploads\/2023\/02\/logo-ccp.png","width":273,"height":127,"caption":"Creativity Certification Program"},"image":{"@id":"https:\/\/www.creativitycertification.com\/#\/schema\/logo\/image\/"}}]}},"_links":{"self":[{"href":"https:\/\/www.creativitycertification.com\/en\/wp-json\/wp\/v2\/pages\/8961","targetHints":{"allow":["GET"]}}],"collection":[{"href":"https:\/\/www.creativitycertification.com\/en\/wp-json\/wp\/v2\/pages"}],"about":[{"href":"https:\/\/www.creativitycertification.com\/en\/wp-json\/wp\/v2\/types\/page"}],"author":[{"embeddable":true,"href":"https:\/\/www.creativitycertification.com\/en\/wp-json\/wp\/v2\/users\/1"}],"replies":[{"embeddable":true,"href":"https:\/\/www.creativitycertification.com\/en\/wp-json\/wp\/v2\/comments?post=8961"}],"version-history":[{"count":3,"href":"https:\/\/www.creativitycertification.com\/en\/wp-json\/wp\/v2\/pages\/8961\/revisions"}],"predecessor-version":[{"id":8964,"href":"https:\/\/www.creativitycertification.com\/en\/wp-json\/wp\/v2\/pages\/8961\/revisions\/8964"}],"up":[{"embeddable":true,"href":"https:\/\/www.creativitycertification.com\/en\/wp-json\/wp\/v2\/pages\/8957"}],"wp:attachment":[{"href":"https:\/\/www.creativitycertification.com\/en\/wp-json\/wp\/v2\/media?parent=8961"}],"curies":[{"name":"wp","href":"https:\/\/api.w.org\/{rel}","templated":true}]}}